{"id":1352,"date":"2025-02-26T10:32:53","date_gmt":"2025-02-26T10:32:53","guid":{"rendered":"https:\/\/ibysoft.net\/home\/?page_id=1352"},"modified":"2025-02-26T12:28:02","modified_gmt":"2025-02-26T12:28:02","slug":"projeler","status":"publish","type":"page","link":"https:\/\/ibysoft.net\/home\/projeler\/","title":{"rendered":"Projeler"},"content":{"rendered":"\t\t<div data-elementor-type=\"wp-page\" data-elementor-id=\"1352\" class=\"elementor elementor-1352\" data-elementor-post-type=\"page\">\n\t\t\t\t<div class=\"elementor-element elementor-element-14045005 e-flex e-con-boxed e-con e-parent\" data-id=\"14045005\" data-element_type=\"container\">\n\t\t\t\t\t<div class=\"e-con-inner\">\n\t\t\t\t<div class=\"elementor-element elementor-element-7633c6e elementor-widget elementor-widget-heading\" data-id=\"7633c6e\" data-element_type=\"widget\" data-widget_type=\"heading.default\">\n\t\t\t\t<div class=\"elementor-widget-container\">\n\t\t\t\t\t<h1 class=\"elementor-heading-title elementor-size-default\">PROJELER\u0130M\u0130Z<\/h1>\t\t\t\t<\/div>\n\t\t\t\t<\/div>\n\t\t\t\t\t<\/div>\n\t\t\t\t<\/div>\n\t\t<div class=\"elementor-element elementor-element-7bf262d e-grid e-con-boxed e-con e-parent\" data-id=\"7bf262d\" data-element_type=\"container\">\n\t\t\t\t\t<div class=\"e-con-inner\">\n\t\t<div class=\"elementor-element elementor-element-8bc29f7 e-con-full e-flex e-con e-child\" data-id=\"8bc29f7\" data-element_type=\"container\">\n\t\t\t\t<div class=\"elementor-element elementor-element-faacf31 elementor-widget elementor-widget-image\" data-id=\"faacf31\" data-element_type=\"widget\" data-widget_type=\"image.default\">\n\t\t\t\t<div class=\"elementor-widget-container\">\n\t\t\t\t\t\t\t\t\t\t\t\t\t\t\t<img decoding=\"async\" width=\"150\" height=\"150\" src=\"https:\/\/ibysoft.net\/home\/wp-content\/uploads\/2024\/06\/has-logo-02-e1740482602962-150x150.png\" class=\"attachment-thumbnail size-thumbnail wp-image-1230\" alt=\"\" \/>\t\t\t\t\t\t\t\t\t\t\t\t\t\t\t<\/div>\n\t\t\t\t<\/div>\n\t\t\t\t<\/div>\n\t\t<div class=\"elementor-element elementor-element-95b62c7 e-con-full e-flex e-con e-child\" data-id=\"95b62c7\" data-element_type=\"container\">\n\t\t<div class=\"elementor-element elementor-element-0c2c469 e-con-full e-flex e-con e-child\" data-id=\"0c2c469\" data-element_type=\"container\">\n\t\t\t\t<div class=\"elementor-element elementor-element-9149263 elementor-widget elementor-widget-heading\" data-id=\"9149263\" data-element_type=\"widget\" data-widget_type=\"heading.default\">\n\t\t\t\t<div class=\"elementor-widget-container\">\n\t\t\t\t\t<h2 class=\"elementor-heading-title elementor-size-default\">QR MENU<\/h2>\t\t\t\t<\/div>\n\t\t\t\t<\/div>\n\t\t\t\t<div class=\"elementor-element elementor-element-6e41e41 elementor-widget elementor-widget-tg-group-btn\" data-id=\"6e41e41\" data-element_type=\"widget\" data-widget_type=\"tg-group-btn.default\">\n\t\t\t\t<div class=\"elementor-widget-container\">\n\t\t\t\t\t\r\n        <div class=\"banner-content-two\">\r\n            <div class=\"banner-btn\">\r\n\r\n                                    <a href=\"https:\/\/hassimitevi.ibysoft.net\/\" target=\"_blank\" rel=\"nofollow\" class=\"btn\" data-aos=\"fade-right\" data-aos-delay=\"700\">\r\n                        S\u0130TEYE G\u0130T                    <\/a>\r\n                \r\n                \r\n            <\/div>\r\n        <\/div>\r\n\r\n\t\t\t\t<\/div>\n\t\t\t\t<\/div>\n\t\t\t\t<\/div>\n\t\t\t\t<\/div>\n\t\t<div class=\"elementor-element elementor-element-bf87974 e-con-full e-flex e-con e-child\" data-id=\"bf87974\" data-element_type=\"container\">\n\t\t\t\t<div class=\"elementor-element elementor-element-e6a5dbf elementor-widget elementor-widget-image\" data-id=\"e6a5dbf\" data-element_type=\"widget\" data-widget_type=\"image.default\">\n\t\t\t\t<div class=\"elementor-widget-container\">\n\t\t\t\t\t\t\t\t\t\t\t\t\t\t\t<img decoding=\"async\" width=\"400\" height=\"80\" src=\"https:\/\/ibysoft.net\/home\/wp-content\/uploads\/2024\/06\/logo1-2.png\" class=\"attachment-large size-large wp-image-1234\" alt=\"\" srcset=\"https:\/\/ibysoft.net\/home\/wp-content\/uploads\/2024\/06\/logo1-2.png 400w, https:\/\/ibysoft.net\/home\/wp-content\/uploads\/2024\/06\/logo1-2-300x60.png 300w\" sizes=\"(max-width: 400px) 100vw, 400px\" \/>\t\t\t\t\t\t\t\t\t\t\t\t\t\t\t<\/div>\n\t\t\t\t<\/div>\n\t\t\t\t<\/div>\n\t\t<div class=\"elementor-element elementor-element-fcfa6b1 e-con-full e-flex e-con e-child\" data-id=\"fcfa6b1\" data-element_type=\"container\">\n\t\t<div class=\"elementor-element elementor-element-d432c49 e-con-full e-flex e-con e-child\" data-id=\"d432c49\" data-element_type=\"container\">\n\t\t\t\t<div class=\"elementor-element elementor-element-8180235 elementor-widget elementor-widget-heading\" data-id=\"8180235\" data-element_type=\"widget\" data-widget_type=\"heading.default\">\n\t\t\t\t<div class=\"elementor-widget-container\">\n\t\t\t\t\t<h2 class=\"elementor-heading-title elementor-size-default\">KURUMSAL WEB SAYFASI<\/h2>\t\t\t\t<\/div>\n\t\t\t\t<\/div>\n\t\t\t\t<div class=\"elementor-element elementor-element-dfb3391 elementor-widget elementor-widget-tg-group-btn\" data-id=\"dfb3391\" data-element_type=\"widget\" data-widget_type=\"tg-group-btn.default\">\n\t\t\t\t<div class=\"elementor-widget-container\">\n\t\t\t\t\t\r\n        <div class=\"banner-content-two\">\r\n            <div class=\"banner-btn\">\r\n\r\n                                    <a href=\"https:\/\/www.elazigingelecektasavvuru.com\/\" target=\"_blank\" rel=\"nofollow\" class=\"btn\" data-aos=\"fade-right\" data-aos-delay=\"700\">\r\n                        S\u0130TEYE G\u0130T                    <\/a>\r\n                \r\n                \r\n            <\/div>\r\n        <\/div>\r\n\r\n\t\t\t\t<\/div>\n\t\t\t\t<\/div>\n\t\t\t\t<\/div>\n\t\t\t\t<\/div>\n\t\t<div class=\"elementor-element elementor-element-1ae05dc e-con-full e-flex e-con e-child\" data-id=\"1ae05dc\" data-element_type=\"container\">\n\t\t\t\t<\/div>\n\t\t<div class=\"elementor-element elementor-element-a3ced69 e-con-full e-flex e-con e-child\" data-id=\"a3ced69\" data-element_type=\"container\">\n\t\t\t\t<\/div>\n\t\t<div class=\"elementor-element elementor-element-21c1b71 e-con-full e-flex e-con e-child\" data-id=\"21c1b71\" data-element_type=\"container\">\n\t\t\t\t<\/div>\n\t\t<div class=\"elementor-element elementor-element-980d146 e-con-full e-flex e-con e-child\" data-id=\"980d146\" data-element_type=\"container\">\n\t\t\t\t<\/div>\n\t\t<div class=\"elementor-element elementor-element-fd67963 e-con-full e-flex e-con e-child\" data-id=\"fd67963\" data-element_type=\"container\">\n\t\t\t\t<\/div>\n\t\t\t\t\t<\/div>\n\t\t\t\t<\/div>\n\t\t\t\t<\/div>\n\t\t","protected":false},"excerpt":{"rendered":"<p>PROJELER\u0130M\u0130Z QR MENU S\u0130TEYE G\u0130T KURUMSAL WEB SAYFASI S\u0130TEYE G\u0130T<\/p>\n","protected":false},"author":1,"featured_media":0,"parent":0,"menu_order":0,"comment_status":"closed","ping_status":"closed","template":"","meta":{"_acf_changed":false,"footnotes":""},"class_list":["post-1352","page","type-page","status-publish","hentry"],"acf":[],"_links":{"self":[{"href":"https:\/\/ibysoft.net\/home\/wp-json\/wp\/v2\/pages\/1352","targetHints":{"allow":["GET"]}}],"collection":[{"href":"https:\/\/ibysoft.net\/home\/wp-json\/wp\/v2\/pages"}],"about":[{"href":"https:\/\/ibysoft.net\/home\/wp-json\/wp\/v2\/types\/page"}],"author":[{"embeddable":true,"href":"https:\/\/ibysoft.net\/home\/wp-json\/wp\/v2\/users\/1"}],"replies":[{"embeddable":true,"href":"https:\/\/ibysoft.net\/home\/wp-json\/wp\/v2\/comments?post=1352"}],"version-history":[{"count":31,"href":"https:\/\/ibysoft.net\/home\/wp-json\/wp\/v2\/pages\/1352\/revisions"}],"predecessor-version":[{"id":1510,"href":"https:\/\/ibysoft.net\/home\/wp-json\/wp\/v2\/pages\/1352\/revisions\/1510"}],"wp:attachment":[{"href":"https:\/\/ibysoft.net\/home\/wp-json\/wp\/v2\/media?parent=1352"}],"curies":[{"name":"wp","href":"https:\/\/api.w.org\/{rel}","templated":true}]}}